{"id":820,"date":"2021-05-04T10:23:55","date_gmt":"2021-05-04T08:23:55","guid":{"rendered":"https:\/\/ateliers-kraftwerk-bille.de\/?page_id=820"},"modified":"2021-05-04T10:30:29","modified_gmt":"2021-05-04T08:30:29","slug":"tanja-hehmann","status":"publish","type":"page","link":"https:\/\/ateliers-kraftwerk-bille.de\/index.php\/tanja-hehmann\/","title":{"rendered":"TANJA HEHMANN"},"content":{"rendered":"\n<p><br><\/p>\n\n\n\n<div id=\"section-g2bd2de\" class=\"wp-block-gutentor-e6 section-g2bd2de gutentor-element gutentor-element-image\"><div class=\"gutentor-element-image-box\"><div class=\"gutentor-image-thumb\"><img decoding=\"async\" class=\"normal-image\" src=\"https:\/\/ateliers-kraftwerk-bille.de\/wp-content\/uploads\/2021\/05\/TanjaHehmannP2_web_neu_web-200x300.jpg\"\/><\/div><\/div><\/div>\n\n\n\n<p><\/p>\n\n\n\n<p>seit 2008 Atelier im Kraftwerk Bille<\/p>\n\n\n\n<p><a rel=\"noreferrer noopener\" href=\"http:\/\/www.tanjahehmann.com\" target=\"_blank\"><span class=\"has-inline-color has-black-color\">www.tanjahehmann.com<\/span><\/a><\/p>\n\n\n\n<p class=\"has-normal-font-size\"><br>geboren 1974 in Bielefeld<br>1995 \u2013 2001 Studium an der Universit\u00e4t Paderborn, Examen Bildende Kunst und Germanistik<br>2000 Artist-in-Residence in Archez, Andalusien<br>2008 Mitbegr\u00fcnderin der Galerie Nachtspeicher23, Hamburg<br>2012 Ausstellungsstipendium Caf\u00e9 Royal Kulturstiftung, Hamburg<br>2013 Kunstpreis Patrizia II, D\u00fcsseldorf<br>2014 Stipendium Freir\u00e4ume des Ateliers f\u00fcr die Kunst (AfdK) e.V., Hamburg<br>2016 Poolhaus Preis f\u00fcr junge Kunst, Hamburg<br><\/p>\n\n\n\n<p class=\"has-medium-font-size\"><br>Ausgew\u00e4hlte Ausstellungen <br><span class=\"has-inline-color has-cyan-bluish-gray-color\">(E: Einzel-, G: Gruppenausstellung, KP: kuratorisches Projekt)<\/span><\/p>\n\n\n\n<p><br>2021 &#8222;Atropos\u2026soportA&#8220;, K\u00fcnstlerhaus Bergedorf, Bergedorf (E)<br><br>2020 &#8222;Und alle Lust \u2026 &#8222;, Kulturstiftung Schloss Agathenburg, Agathenburg (KP, G)<br><br>2019 &#8222;Lebe Dein Aendern&#8220;, Galerie Altes Rathaus, Worpswede (G)<br><br>2019 &#8222;Sargassomeer&#8220;, Frappant Galerie, Hamburg (G)<br><br>2018 &#8222;Tatort II&#8220;, Ateliers Kraftwerk Bille, Offene Ateliers\/Berufsverband Bildender K\u00fcnstler<em>innen Hamburg (G) <\/em><br><br><em>2018 &#8222;On Painting #2, Galerie Bridget Stern, Hamburg (G) 2018 &#8222;II III X #03&#8220;, Galerie nachtspeicher23, Hamburg (G) <\/em><br><br><em>2017 &#8222;Dark Matter. Art meets science&#8220;, Deutsches Elektronen-Synchotron DESY, Hamburg (KP, G) <\/em><br><br><em>2017 &#8222;Aktuelle Kunst norddeutscher und d\u00e4nischer K\u00fcnstler&#8220;, Die Drostei, Pinneberg und Haderslev Radhus\/Det Gamle Havnekontor, Haderslev, Denmark (G) <\/em><br><br><em>2017 &#8222;xpon goes X&#8220;, Galerie xpon-art, Hamburg (G) 2016 Galerie Wildes Wei\u00df, Bremen (G) <\/em><br><br><em>2016 &#8222;Collective identity&#8220;, Greskewitz Kleinitz Galerie, Hamburg (G) <\/em><br><br><em>2015 &#8222;Serapion in W. &#8222;, K\u00fcnstlerh\u00e4user Worpswede (KP, G) 2015 &#8222;Passagen und Enklaven&#8220;, Westwerk, Hamburg (G) <\/em><br><br><em>2014 &#8222;Ich bin immer da, wo ich nicht bin&#8220;, Galerie Hugo 45, Braunschweig (E) <\/em><br><br><em>2014 &#8222;querbeet 3&#8220;, Produzentengalerie kunstmix, Bremen (G) <\/em><br><br><em>2013 &#8222;St. Petersburg&#8220;, HauptKunstAmt, Hamburg (G) <\/em><br><br><em>2013 &#8222;Gestern&#8220;, Galerie Morgenland, Hamburg (G) <\/em><br><br><em>2012 &#8222;Tatort&#8220;, Ateliers Kraftwerk Bille, Hamburg (G) <\/em><br><br><em>2012 &#8222;Schaltkreise&#8220;, Einstellungsraum, Hamburg (E) <\/em><br><br><em>2012 &#8222;Eldorado&#8220;, Amtsrichterhaus Schwarzenbek (E) <\/em><br><br><em>2012 &#8222;Die Sch\u00f6ne Kunst&#8220;, Berufsverband Bildender K\u00fcnstler<\/em>innen, Kunsthaus Hamburg (G<\/p>\n","protected":false},"excerpt":{"rendered":"<p>seit 2008 Atelier im Kraftwerk Bille www.tanjahehmann.com geboren 1974 in Bielefeld1995 \u2013 2001 Studium an der Universit\u00e4t Paderborn, Examen Bildende Kunst und Germanistik2000 Artist-in-Residence in Archez, Andalusien2008 Mitbegr\u00fcnderin der Galerie Nachtspeicher23, Hamburg2012 Ausstellungsstipendium Caf\u00e9 Royal Kulturstiftung, Hamburg2013 Kunstpreis Patrizia II, D\u00fcsseldorf2014 Stipendium Freir\u00e4ume des Ateliers f\u00fcr die Kunst (AfdK) e.V., Hamburg2016 Poolhaus Preis f\u00fcr junge [&hellip;]<\/p>\n","protected":false},"author":1,"featured_media":0,"parent":0,"menu_order":0,"comment_status":"closed","ping_status":"closed","template":"","meta":{"spay_email":"","footnotes":""},"_links":{"self":[{"href":"https:\/\/ateliers-kraftwerk-bille.de\/index.php\/wp-json\/wp\/v2\/pages\/820"}],"collection":[{"href":"https:\/\/ateliers-kraftwerk-bille.de\/index.php\/wp-json\/wp\/v2\/pages"}],"about":[{"href":"https:\/\/ateliers-kraftwerk-bille.de\/index.php\/wp-json\/wp\/v2\/types\/page"}],"author":[{"embeddable":true,"href":"https:\/\/ateliers-kraftwerk-bille.de\/index.php\/wp-json\/wp\/v2\/users\/1"}],"replies":[{"embeddable":true,"href":"https:\/\/ateliers-kraftwerk-bille.de\/index.php\/wp-json\/wp\/v2\/comments?post=820"}],"version-history":[{"count":6,"href":"https:\/\/ateliers-kraftwerk-bille.de\/index.php\/wp-json\/wp\/v2\/pages\/820\/revisions"}],"predecessor-version":[{"id":831,"href":"https:\/\/ateliers-kraftwerk-bille.de\/index.php\/wp-json\/wp\/v2\/pages\/820\/revisions\/831"}],"wp:attachment":[{"href":"https:\/\/ateliers-kraftwerk-bille.de\/index.php\/wp-json\/wp\/v2\/media?parent=820"}],"curies":[{"name":"wp","href":"https:\/\/api.w.org\/{rel}","templated":true}]}}