{"id":792,"date":"2021-04-27T10:44:16","date_gmt":"2021-04-27T08:44:16","guid":{"rendered":"https:\/\/ateliers-kraftwerk-bille.de\/?page_id=792"},"modified":"2021-04-27T11:16:51","modified_gmt":"2021-04-27T09:16:51","slug":"astrid-ehlers","status":"publish","type":"page","link":"https:\/\/ateliers-kraftwerk-bille.de\/index.php\/astrid-ehlers\/","title":{"rendered":"ASTRID EHLERS"},"content":{"rendered":"\n<p>geboren 1985<br>2017 Master of Fine Arts, Hochschule f\u00fcr bildende K\u00fcnste Hamburg,<br>bei Prof. Matt Mullican und Dr. Belinda Grace Gardner<br>2019 Artist-in-Residence Grafikwerkstatt Dresden,<br>Beh\u00f6rde f\u00fcr Kultur und Medien Hamburg \/ Amt f\u00fcr Kultur und Denkmalschutz Dresden<\/p>\n\n\n\n<p class=\"has-medium-font-size\"><br><strong>Ausgew\u00e4hlte Ausstellungen<\/strong><br><\/p>\n\n\n\n<p>2020 &#8222;Sie haben Post!&#8220; Saloon Hamburg \/ MOM Artspace, Hamburg<br><br>2019 &#8222;#3, leikela Jahresausstellung&#8220;, Michael Horbach Stiftung, K\u00f6ln<br><br>2019 &#8222;Offene Ateliers&#8220;, Kraftwerk Bille \/ Berufsverband Bildender K\u00fcnstler*innen, Hamburg<br><br>2019 Quirin Privatbank, Hamburg<br><br>2018 &#8222;Projected.Capital&#8220;, Roehrs &amp; Boetsch, Z\u00fcrich, Schweiz<br><br>2018 &#8222;Emerging Artists&#8220;, Affordable Art Fair, Hamburg<br><br>2018 &#8222;Saloon Exchange Program&#8220;, Saloon, Berlin<br><br>2018 &#8222;Farewell to Matt Mullican&#8220;, HfbK Galerie, Hamburg<br><br>2018 &#8222;#welcometotherealworld&#8220;, Gudberg Nerger Gallery, Hamburg<br><br>2018 &#8222;Tying Up Saturn&#8220; (mit Anneke Kleimann), K\u00fcnstlerhaus Frise, Hamburg<br><br>2016 &#8222;Nominierungen Master-Stipendien der Karl H. Ditze-Stiftung&#8220;, HfbK, Hamburg<br><br>2016 &#8222;Nominierungen Master-Stipendien des Freundeskreises der HfbK&#8220;, HfbK, Hamburg<br><br>2015 &#8222;k \u2248 0&#8220;, (mit Anneke Kleimann), Hinterconti, Hamburg<br><br>2015 &#8220; &#8211; &#8222;, Galeriefest Kassel \/ Tokonoma, Kassel<br><br>2013 &#8222;Nominierte des Hiscox Kunstpreis&#8220;, Kunsthaus Hamburg<\/p>\n\n\n\n<p><\/p>\n","protected":false},"excerpt":{"rendered":"<p>geboren 19852017 Master of Fine Arts, Hochschule f\u00fcr bildende K\u00fcnste Hamburg,bei Prof. Matt Mullican und Dr. Belinda Grace Gardner2019 Artist-in-Residence Grafikwerkstatt Dresden,Beh\u00f6rde f\u00fcr Kultur und Medien Hamburg \/ Amt f\u00fcr Kultur und Denkmalschutz Dresden Ausgew\u00e4hlte Ausstellungen 2020 &#8222;Sie haben Post!&#8220; Saloon Hamburg \/ MOM Artspace, Hamburg 2019 &#8222;#3, leikela Jahresausstellung&#8220;, Michael Horbach Stiftung, K\u00f6ln 2019 [&hellip;]<\/p>\n","protected":false},"author":1,"featured_media":0,"parent":0,"menu_order":0,"comment_status":"closed","ping_status":"closed","template":"","meta":{"spay_email":"","footnotes":""},"_links":{"self":[{"href":"https:\/\/ateliers-kraftwerk-bille.de\/index.php\/wp-json\/wp\/v2\/pages\/792"}],"collection":[{"href":"https:\/\/ateliers-kraftwerk-bille.de\/index.php\/wp-json\/wp\/v2\/pages"}],"about":[{"href":"https:\/\/ateliers-kraftwerk-bille.de\/index.php\/wp-json\/wp\/v2\/types\/page"}],"author":[{"embeddable":true,"href":"https:\/\/ateliers-kraftwerk-bille.de\/index.php\/wp-json\/wp\/v2\/users\/1"}],"replies":[{"embeddable":true,"href":"https:\/\/ateliers-kraftwerk-bille.de\/index.php\/wp-json\/wp\/v2\/comments?post=792"}],"version-history":[{"count":8,"href":"https:\/\/ateliers-kraftwerk-bille.de\/index.php\/wp-json\/wp\/v2\/pages\/792\/revisions"}],"predecessor-version":[{"id":813,"href":"https:\/\/ateliers-kraftwerk-bille.de\/index.php\/wp-json\/wp\/v2\/pages\/792\/revisions\/813"}],"wp:attachment":[{"href":"https:\/\/ateliers-kraftwerk-bille.de\/index.php\/wp-json\/wp\/v2\/media?parent=792"}],"curies":[{"name":"wp","href":"https:\/\/api.w.org\/{rel}","templated":true}]}}