{"id":683,"date":"2021-04-06T09:27:05","date_gmt":"2021-04-06T07:27:05","guid":{"rendered":"https:\/\/ateliers-kraftwerk-bille.de\/?page_id=683"},"modified":"2022-05-24T21:07:26","modified_gmt":"2022-05-24T19:07:26","slug":"eiko-borcherding","status":"publish","type":"page","link":"https:\/\/ateliers-kraftwerk-bille.de\/index.php\/eiko-borcherding\/","title":{"rendered":"EIKO BORCHERDING"},"content":{"rendered":"\n<div style=\"height:52px\" aria-hidden=\"true\" class=\"wp-block-spacer\"><\/div>\n\n\n\n<p>Eiko Borcherdinggeboren 1977 in Aurich, Germany<br>2000 &#8211; 2006 Studium an der FH Hannover und der HAW Hamburg<br>2009 Auslandstipendium im Grafikens Hus, Mariefred, Schweden<br>2010\/11 Arbeitsstipendium der Nolde Stiftung Seeb\u00fcll<\/p>\n\n\n\n<p class=\"has-medium-font-size\"><br><strong>Ausgew\u00e4hlte Ausstellungen <\/strong><br><span class=\"has-inline-color has-cyan-bluish-gray-color\">(E: Einzel-, G: Gruppenausstellung)<\/span><\/p>\n\n\n\n<p><br>2020 &#8222;Dark Patterns&#8220;, Feinkunst Kr\u00fcger, Hamburg (G)<br>2019 &#8222;The Sheltering Sky&#8220;, Palo Alto Art Center, Palo Alto, USA (G)<br>2018 &#8222;Drawing to Conclusions&#8220;, Jack Fischer Gallery, San Francisco, USA (E)<br>2018 &#8222;Eiko Borcherding &amp; Heiko M\u00fcller&#8220;, Galerie Borssenanger, Chemnitz<br>2018 &#8222;Zeichnungen&#8220;, Felix Jud, Hamburg (E)<br>2016 &#8222;Menschtierwir&#8220;, Galerie Affenfaust, Hamburg (G)<br>2016 &#8222;Relikt&#8220;, Galerie Koenitz, Leipzig (E)<br>2016 &#8222;Von innen nach au\u00dfen&#8220;, Richard Haizmann Museum, Nieb\u00fcll (G)<br>2015 \u201ePaperworks\u201c, Galerie Holthoff-Mokross, Hamburg (G)<br>2014 \u201eMemento\u201c, Galerie L\u00fcth, Husum (E)<br>2013 \u201eSideshow\u201c, Galerie der Wasserm\u00fchle, Trittau (E)<br>2012 \u201eindex 12\u201c, Kunsthaus Hamburg, Hamburg (G)<br>2011 \u201eSort Sol\u201c, Nolde Stiftung Seeb\u00fcll, Seeb\u00fcll (E)<br>2009 \u201eNordwestkunstpreis \u2013 Die Nominierten\u201c, Kunsthalle Wilhelmshaven, Wilhelmshaven (G)<br>2008 Galerie Sebastian Drum, Schleswig (E)<br>2006 \u201eLes Fleurs Du Mal\u201c, SKAM, Hamburg (E)<\/p>\n","protected":false},"excerpt":{"rendered":"<p>Eiko Borcherdinggeboren 1977 in Aurich, Germany2000 &#8211; 2006 Studium an der FH Hannover und der HAW Hamburg2009 Auslandstipendium im Grafikens Hus, Mariefred, Schweden2010\/11 Arbeitsstipendium der Nolde Stiftung Seeb\u00fcll Ausgew\u00e4hlte Ausstellungen (E: Einzel-, G: Gruppenausstellung) 2020 &#8222;Dark Patterns&#8220;, Feinkunst Kr\u00fcger, Hamburg (G)2019 &#8222;The Sheltering Sky&#8220;, Palo Alto Art Center, Palo Alto, USA (G)2018 &#8222;Drawing to Conclusions&#8220;, [&hellip;]<\/p>\n","protected":false},"author":1,"featured_media":0,"parent":0,"menu_order":0,"comment_status":"closed","ping_status":"closed","template":"","meta":{"spay_email":"","footnotes":""},"_links":{"self":[{"href":"https:\/\/ateliers-kraftwerk-bille.de\/index.php\/wp-json\/wp\/v2\/pages\/683"}],"collection":[{"href":"https:\/\/ateliers-kraftwerk-bille.de\/index.php\/wp-json\/wp\/v2\/pages"}],"about":[{"href":"https:\/\/ateliers-kraftwerk-bille.de\/index.php\/wp-json\/wp\/v2\/types\/page"}],"author":[{"embeddable":true,"href":"https:\/\/ateliers-kraftwerk-bille.de\/index.php\/wp-json\/wp\/v2\/users\/1"}],"replies":[{"embeddable":true,"href":"https:\/\/ateliers-kraftwerk-bille.de\/index.php\/wp-json\/wp\/v2\/comments?post=683"}],"version-history":[{"count":9,"href":"https:\/\/ateliers-kraftwerk-bille.de\/index.php\/wp-json\/wp\/v2\/pages\/683\/revisions"}],"predecessor-version":[{"id":1096,"href":"https:\/\/ateliers-kraftwerk-bille.de\/index.php\/wp-json\/wp\/v2\/pages\/683\/revisions\/1096"}],"wp:attachment":[{"href":"https:\/\/ateliers-kraftwerk-bille.de\/index.php\/wp-json\/wp\/v2\/media?parent=683"}],"curies":[{"name":"wp","href":"https:\/\/api.w.org\/{rel}","templated":true}]}}