{"id":44,"date":"2020-09-08T13:42:56","date_gmt":"2020-09-08T11:42:56","guid":{"rendered":"http:\/\/ateliers-kraftwerk-bille.de\/?page_id=44"},"modified":"2023-01-31T12:56:40","modified_gmt":"2023-01-31T11:56:40","slug":"projects","status":"publish","type":"page","link":"https:\/\/ateliers-kraftwerk-bille.de\/index.php\/projects\/","title":{"rendered":"projects"},"content":{"rendered":"\n<div style=\"height:62px\" aria-hidden=\"true\" class=\"wp-block-spacer\"><\/div>\n\n\n\n<p><\/p>\n\n\n\n<p class=\"has-text-align-center has-larger-font-size\">Ulugbek Ahmedov: VIEL (2021\/22) <\/p>\n\n\n\n<figure class=\"wp-block-video\"><video controls src=\"https:\/\/ateliers-kraftwerk-bille.de\/wp-content\/uploads\/2023\/01\/signal-2023-01-31-124939.mp4\"><\/video><\/figure>\n\n\n\n<div style=\"height:83px\" aria-hidden=\"true\" class=\"wp-block-spacer\"><\/div>\n\n\n\n<p class=\"has-text-align-center has-larger-font-size\">TATORT III: \u00dcbergangsph\u00e4nomene<\/p>\n\n\n\n<div id=\"section-g8da9e6\" class=\"wp-block-gutentor-e6 section-g8da9e6 gutentor-element gutentor-element-image\"><div class=\"gutentor-element-image-box\"><div class=\"gutentor-image-thumb\"><img decoding=\"async\" class=\"normal-image\" src=\"https:\/\/ateliers-kraftwerk-bille.de\/wp-content\/uploads\/2023\/01\/DSCN4279_crop_2_neu.jpg\"\/><\/div><\/div><\/div>\n\n\n\n<p style=\"font-size:15px\"><br>Um das Ateliergeb\u00e4ude Bullerdeich 12-14 im Kraftwerk Bille entsteht ein wachsendes Ausstellungs- und Aktionsareal. F\u00fcr TATORT III, der dritten Standortbestimmung am Bullerdeich, haben K\u00fcnstler*innen aus den Gemeinschaftsateliers Arbeiten, Installationen und Konzepte zum Au\u00dfenraum entwickelt. Hirofumi Fujiwara postiert eine menschliche Figur wie einen stillen Beobachter in einer Nische im offenen Durchgang zwischen zwei Geb\u00e4udeteilen. Wie verh\u00e4lt sie sich zu diesem Ort? Ihr Ausdruck ist indifferent, der Blick unbestimmt, eine Lebensgeschichte ist kaum ablesbar. Oder finden sich Spuren? Mehrere T\u00fcren und eine Schaukel sind die Hauptelemente einer gro\u00dfformatigen Konstruktion, die Tomasz Kielbasa erarbeitet. Als Durchgangssituation vor der Fassade am Bullerdeich 12 leitet sie zu den weiteren Aktionsorten \u00fcber. Sie l\u00e4dt zu \u00dcberlegungen ein, die \u00dcbergangsph\u00e4nomene in den Blick nehmen: \u00dcberg\u00e4nge zwischen offenen und geschlossenen R\u00e4umen, zwischen R\u00e4umen unter freiem Himmel, zwischen benachbarten R\u00e4umen, kulturellen R\u00e4umen, Bewegungsr\u00e4umen, Zeitr\u00e4umen, symbolischen R\u00e4umen. An dem Wochenende 14. Und 15.08.2021 steht die Installation den Betrachter*innen zur Verf\u00fcgung, um eigene \u00dcbergangssituationen erinnern oder imaginieren und in Bewegung setzen zu k\u00f6nnen. Thomas Majors Interaktion \u201eSynapse\u201c zielt darauf, die Kunst-Sinne zu unterst\u00fctzen und die Sensibilit\u00e4t mittels Farbe in verschiedenen Darreichungsformen anzuregen \u2013 nachhaltig, ungiftig und vollst\u00e4ndig abbaubar. Die Synapsen werden wieder aktiviert. Besondere Aktionstage sind am 01.08., 08.08. und 14.\/15.08.2021. Lauschen an der Wand: Eine aus dem 2. Stock, aus dem Atelier von Erdmute Prautzsch, bis auf Kopfh\u00f6he der Fu\u00dfg\u00e4nger verlegte Rohrleitung \u00fcbertr\u00e4gt durchgehend (ab 03.08., t\u00e4glich 24 Stunden) das von der K\u00fcnstlerin gesungene Lied: \u201eIn meinem Zimmer\u201c \u2013 eine deutsche Adaption des Songs \u201eIn my room\u201c von den Beach Boys. Im Vorbeigehen und kurzen Innehalten entsteht eine \u00fcberraschende Teilhabe an dem sonst hinter den Backsteinmauern verborgenen Leben. Der Tears Club ist eine soziale Plastik und Skulptur im Sinne des Hinzuf\u00fcgens und Abtragens, ein luftiges Gebilde, beweglich, jedoch mit einem stabilen Grundger\u00fcst. Wie Regentropfen, die weiterflie\u00dfen und ihren Zustand ver\u00e4ndern, aber sich auf molekularer Ebene \u00e4hneln und zusammenh\u00e4ngen. Mit der ephemeren Installation \u201eTears on ice\u201c von Mieke B\u00fcers und Inge F\u00f6rtsch feiert der Tears Club die Verg\u00e4nglichkeit des Stillstands. Eistr\u00e4nen glitzern in der Abendsonne und zerschmelzen langsam vor dem Hintergrund der Backsteinmauern. Mit \u201eRevisiting Tour II\u201c setzt Christoph Rauch sein Rechercheprojekt im Gebiet um das Kraftwerk fort. In der Ausstellung sind Entwicklungslinien des Ortes visuell und narrativ verwoben. Lose Enden an Bild- und Textfundst\u00fccken bilden Verkn\u00fcpfungen, neue Befunde werden mit den Teilnehmenden auf der \u201eRevisiting Tour\u201c ermittelt. TATORT III, vom 31. Juli bis zum 15. August 2021.<\/p>\n\n\n\n<p><\/p>\n","protected":false},"excerpt":{"rendered":"<p>Ulugbek Ahmedov: VIEL (2021\/22) TATORT III: \u00dcbergangsph\u00e4nomene Um das Ateliergeb\u00e4ude Bullerdeich 12-14 im Kraftwerk Bille entsteht ein wachsendes Ausstellungs- und Aktionsareal. F\u00fcr TATORT III, der dritten Standortbestimmung am Bullerdeich, haben K\u00fcnstler*innen aus den Gemeinschaftsateliers Arbeiten, Installationen und Konzepte zum Au\u00dfenraum entwickelt. Hirofumi Fujiwara postiert eine menschliche Figur wie einen stillen Beobachter in einer Nische im [&hellip;]<\/p>\n","protected":false},"author":1,"featured_media":0,"parent":0,"menu_order":0,"comment_status":"closed","ping_status":"closed","template":"","meta":{"spay_email":"","footnotes":""},"_links":{"self":[{"href":"https:\/\/ateliers-kraftwerk-bille.de\/index.php\/wp-json\/wp\/v2\/pages\/44"}],"collection":[{"href":"https:\/\/ateliers-kraftwerk-bille.de\/index.php\/wp-json\/wp\/v2\/pages"}],"about":[{"href":"https:\/\/ateliers-kraftwerk-bille.de\/index.php\/wp-json\/wp\/v2\/types\/page"}],"author":[{"embeddable":true,"href":"https:\/\/ateliers-kraftwerk-bille.de\/index.php\/wp-json\/wp\/v2\/users\/1"}],"replies":[{"embeddable":true,"href":"https:\/\/ateliers-kraftwerk-bille.de\/index.php\/wp-json\/wp\/v2\/comments?post=44"}],"version-history":[{"count":22,"href":"https:\/\/ateliers-kraftwerk-bille.de\/index.php\/wp-json\/wp\/v2\/pages\/44\/revisions"}],"predecessor-version":[{"id":1189,"href":"https:\/\/ateliers-kraftwerk-bille.de\/index.php\/wp-json\/wp\/v2\/pages\/44\/revisions\/1189"}],"wp:attachment":[{"href":"https:\/\/ateliers-kraftwerk-bille.de\/index.php\/wp-json\/wp\/v2\/media?parent=44"}],"curies":[{"name":"wp","href":"https:\/\/api.w.org\/{rel}","templated":true}]}}